{"id":974631,"date":"2024-08-27T03:17:26","date_gmt":"2024-08-27T07:17:26","guid":{"rendered":"https:\/\/coinscatalogs.com\/?post_type=product&#038;p=974631"},"modified":"2025-06-23T15:57:37","modified_gmt":"2025-06-23T15:57:37","slug":"weltmunzendatenbank-lander-klm","status":"publish","type":"product","link":"https:\/\/coinscatalogs.com\/de\/weltmunzendatenbank-lander-klm\/","title":{"rendered":"Weltm\u00fcnzendatenbank 2025, Band 8 (L\u00e4nder KLM)"},"content":{"rendered":"<p>Band 8 enth\u00e4lt Listen f\u00fcr L\u00e4nder der Welt, die mit Buchstaben beginnen <strong>LLM<\/strong>Diese beginnen mit Katanga und enden mit Myanmar.<\/p>\n<h4><strong><em>14605<\/em><\/strong> M\u00fcnzen sind in dieser Datenbank aufgef\u00fchrt<\/h4>\n<p>Band 8 umfasst 50 L\u00e4nder (sowohl bestehende als auch nicht mehr existierende L\u00e4nder). Die in Band 8 enthaltenen L\u00e4nder sind wie folgt:<\/p>\n<p><strong><em>Katanga, Kasachstan, Kenia, Volkssowjetrepublik Khorezm, Kiao Chau, Kiribati, Korea, Nordkorea, S\u00fcdkorea, Kuwait, Kirgisistan, Laos, Lettland, Libanon, Lesotho, Liberia, Libyen, Liechtenstein, L\u00fcttich, Litauen, Livland, Luxemburg, Macau, Madagaskar, Madeira-Inseln, Malawi, Malaya, Malaysia, Malediven, Mali, Malta, Malta Souver\u00e4ner Milit\u00e4rorden, Marshallinseln, Martinique, Mauretanien, Mauritius, Mayotte, Mexiko, F\u00f6derierte Staaten Mikronesien, Moldawien und Walachei, F\u00fcrstentum Moldau, Moldawien, Mombasa, Monaco, Mongolei, Montenegro, Montserrat, Marokko, Mosambik, Myanmar. <\/em><\/strong><\/p>\n<p>Sie erhalten die Datenbankdatei einschlie\u00dflich des M\u00fcnzbildes im bearbeitbaren Excel-Arbeitsblattformat (.xlsx).<\/p>\n<p>W\u00e4hrend Excel die einfachste M\u00f6glichkeit zum \u00d6ffnen einer XLSX-Datei ist, k\u00f6nnen auch andere Tabellenkalkulationsprogramme wie Apple Numbers, OpenOffice Calc, LibreOffice Calc und Google Sheets XLSX-Dateien \u00f6ffnen. Diese Programme sind mit Excel-Dateien kompatibel und erm\u00f6glichen das Anzeigen, Bearbeiten und Speichern ohne Microsoft Office.<\/p>\n<p>Lieferung: Sie erhalten die Excel-Arbeitsblattdatei (.xlsx) innerhalb von 24 Stunden oder weniger kostenlos per E-Mail mit einem Download-Link. Sie haben auch die M\u00f6glichkeit, das Produkt per DVD (per UPS, USPS) zu erhalten.<\/p>","protected":false},"excerpt":{"rendered":"<p>Excel-Arbeitsblattdatenbank \u201eWeltm\u00fcnzen\u201c \u2013 Jahr 2025, Band 8 (L\u00e4nder KLM), 14605 M\u00fcnzen sind in dieser Datenbank aufgef\u00fchrt.<\/p>","protected":false},"featured_media":974632,"template":"","meta":[],"product_brand":[],"product_cat":[3115],"product_tag":[],"class_list":{"0":"post-974631","1":"product","2":"type-product","3":"status-publish","4":"has-post-thumbnail","6":"product_cat-world-coin-database","7":"sales-flash-overlay","8":"woocommerce-text-align-center","9":"woocommerce-image-align-center","10":"do-quantity-buttons","12":"first","13":"instock","14":"virtual","15":"purchasable","16":"product-type-simple"},"_links":{"self":[{"href":"https:\/\/coinscatalogs.com\/de\/wp-json\/wp\/v2\/product\/974631","targetHints":{"allow":["GET"]}}],"collection":[{"href":"https:\/\/coinscatalogs.com\/de\/wp-json\/wp\/v2\/product"}],"about":[{"href":"https:\/\/coinscatalogs.com\/de\/wp-json\/wp\/v2\/types\/product"}],"wp:featuredmedia":[{"embeddable":true,"href":"https:\/\/coinscatalogs.com\/de\/wp-json\/wp\/v2\/media\/974632"}],"wp:attachment":[{"href":"https:\/\/coinscatalogs.com\/de\/wp-json\/wp\/v2\/media?parent=974631"}],"wp:term":[{"taxonomy":"product_brand","embeddable":true,"href":"https:\/\/coinscatalogs.com\/de\/wp-json\/wp\/v2\/product_brand?post=974631"},{"taxonomy":"product_cat","embeddable":true,"href":"https:\/\/coinscatalogs.com\/de\/wp-json\/wp\/v2\/product_cat?post=974631"},{"taxonomy":"product_tag","embeddable":true,"href":"https:\/\/coinscatalogs.com\/de\/wp-json\/wp\/v2\/product_tag?post=974631"}],"curies":[{"name":"wp","href":"https:\/\/api.w.org\/{rel}","templated":true}]}}