{"id":974625,"date":"2024-08-27T01:58:35","date_gmt":"2024-08-27T05:58:35","guid":{"rendered":"https:\/\/coinscatalogs.com\/?post_type=product&#038;p=974625"},"modified":"2025-06-23T15:57:26","modified_gmt":"2025-06-23T15:57:26","slug":"weltmunzendatenbank-lander-f","status":"publish","type":"product","link":"https:\/\/coinscatalogs.com\/de\/weltmunzendatenbank-lander-f\/","title":{"rendered":"Weltm\u00fcnzendatenbank 2025, Band 5 (L\u00e4nder F)"},"content":{"rendered":"<p>Band 5 enth\u00e4lt Listen f\u00fcr L\u00e4nder der Welt, die mit Buchstaben beginnen <strong>F<\/strong>Diese beginnen mit den Falklandinseln und enden mit Fujairah.<\/p>\n<h4><strong><em>12782<\/em><\/strong> M\u00fcnzen sind in dieser Datenbank aufgef\u00fchrt<\/h4>\n<p>Band 5 umfasst 18 L\u00e4nder (sowohl bestehende als auch nicht mehr existierende L\u00e4nder). Die in Band 5 enthaltenen L\u00e4nder sind wie folgt:<\/p>\n<p><strong><em>Falklandinseln, F\u00e4r\u00f6er-Inseln, Bundesrepublik Mittelamerika, Fidschi, Finnland, Frankreich, Franz\u00f6sisch-Afar und Issas, Franz\u00f6sische Antillen, Franz\u00f6sische Kolonien, Franz\u00f6sisch-\u00c4quatorialafrika, Franz\u00f6sisch-Guayana, Franz\u00f6sisch-Indochina, Franz\u00f6sisch-Ozeanien, Franz\u00f6sisch-Polynesien, Franz\u00f6sisch-Somaliland, Franz\u00f6sische S\u00fcd- und Antarktisgebiete, Franz\u00f6sisch-Westafrika, Fujairah. <\/em><\/strong><\/p>\n<p>Sie erhalten die Datenbankdatei einschlie\u00dflich des M\u00fcnzbildes im bearbeitbaren Excel-Arbeitsblattformat (.xlsx).<\/p>\n<p>W\u00e4hrend Excel die einfachste M\u00f6glichkeit zum \u00d6ffnen einer XLSX-Datei ist, k\u00f6nnen auch andere Tabellenkalkulationsprogramme wie Apple Numbers, OpenOffice Calc, LibreOffice Calc und Google Sheets XLSX-Dateien \u00f6ffnen. Diese Programme sind mit Excel-Dateien kompatibel und erm\u00f6glichen das Anzeigen, Bearbeiten und Speichern ohne Microsoft Office.<\/p>\n<p>Lieferung: Sie erhalten die Excel-Arbeitsblattdatei (.xlsx) innerhalb von 24 Stunden oder weniger kostenlos per E-Mail mit einem Download-Link. Sie haben auch die M\u00f6glichkeit, das Produkt per DVD (per UPS, USPS) zu erhalten.<\/p>","protected":false},"excerpt":{"rendered":"<p>Excel-Arbeitsblattdatenbank \u201eWeltm\u00fcnzen\u201c \u2013 Jahr 2025, Band 5 (L\u00e4nder F). In dieser Datenbank sind 12782 M\u00fcnzen aufgef\u00fchrt.<\/p>","protected":false},"featured_media":974626,"template":"","meta":[],"product_brand":[],"product_cat":[3115],"product_tag":[],"class_list":{"0":"post-974625","1":"product","2":"type-product","3":"status-publish","4":"has-post-thumbnail","6":"product_cat-world-coin-database","7":"sales-flash-overlay","8":"woocommerce-text-align-center","9":"woocommerce-image-align-center","10":"do-quantity-buttons","12":"first","13":"instock","14":"virtual","15":"purchasable","16":"product-type-simple"},"_links":{"self":[{"href":"https:\/\/coinscatalogs.com\/de\/wp-json\/wp\/v2\/product\/974625","targetHints":{"allow":["GET"]}}],"collection":[{"href":"https:\/\/coinscatalogs.com\/de\/wp-json\/wp\/v2\/product"}],"about":[{"href":"https:\/\/coinscatalogs.com\/de\/wp-json\/wp\/v2\/types\/product"}],"wp:featuredmedia":[{"embeddable":true,"href":"https:\/\/coinscatalogs.com\/de\/wp-json\/wp\/v2\/media\/974626"}],"wp:attachment":[{"href":"https:\/\/coinscatalogs.com\/de\/wp-json\/wp\/v2\/media?parent=974625"}],"wp:term":[{"taxonomy":"product_brand","embeddable":true,"href":"https:\/\/coinscatalogs.com\/de\/wp-json\/wp\/v2\/product_brand?post=974625"},{"taxonomy":"product_cat","embeddable":true,"href":"https:\/\/coinscatalogs.com\/de\/wp-json\/wp\/v2\/product_cat?post=974625"},{"taxonomy":"product_tag","embeddable":true,"href":"https:\/\/coinscatalogs.com\/de\/wp-json\/wp\/v2\/product_tag?post=974625"}],"curies":[{"name":"wp","href":"https:\/\/api.w.org\/{rel}","templated":true}]}}