{"id":974620,"date":"2024-06-10T00:23:22","date_gmt":"2024-06-10T04:23:22","guid":{"rendered":"https:\/\/coinscatalogs.com\/?post_type=product&#038;p=974620"},"modified":"2025-06-23T15:57:21","modified_gmt":"2025-06-23T15:57:21","slug":"weltmunzendatenbank-lander-de","status":"publish","type":"product","link":"https:\/\/coinscatalogs.com\/de\/weltmunzendatenbank-lander-de\/","title":{"rendered":"World Coins Database 2025 Band 4 (L\u00e4nder DE)"},"content":{"rendered":"<p>Band 4 enth\u00e4lt Listen f\u00fcr L\u00e4nder der Welt, die mit Buchstaben beginnen <strong>DE<\/strong>Diese beginnen mit Dahomey und enden mit \u00c4thiopien.<\/p>\n<h4><strong><em>4130<\/em><\/strong> M\u00fcnzen sind in dieser Datenbank aufgef\u00fchrt<\/h4>\n<p>Band 4 umfasst 21 L\u00e4nder (sowohl bestehende als auch nicht mehr existierende L\u00e4nder). Die in Band 4 enthaltenen L\u00e4nder sind wie folgt:<\/p>\n<p><strong><em>Dahomey, D\u00e4nisch-Westindien, Kolonie Demerara-Essequibo, D\u00e4nemark, D\u00e4nemark Gluckstadt, D\u00e4nemark Holstein-Gottorp-Rendsborg, Dschibuti, Dominica, Dominikanische Republik, Ostkaribische Staaten, Osttimor, Ecuador, \u00c4gypten, \u00c4gypten \u2013 Antike, El Salvador, \u00c4quatorialafrikanische Staaten, \u00c4quatorialguinea, Eritrea, Estland, Eswatini (Swasiland), \u00c4thiopien. <\/em><\/strong><\/p>\n<p>Sie erhalten die Datenbankdatei einschlie\u00dflich des M\u00fcnzbildes im bearbeitbaren Excel-Arbeitsblattformat (.xlsx).<\/p>\n<p>W\u00e4hrend Excel die einfachste M\u00f6glichkeit zum \u00d6ffnen einer XLSX-Datei ist, k\u00f6nnen auch andere Tabellenkalkulationsprogramme wie Apple Numbers, OpenOffice Calc, LibreOffice Calc und Google Sheets XLSX-Dateien \u00f6ffnen. Diese Programme sind mit Excel-Dateien kompatibel und erm\u00f6glichen das Anzeigen, Bearbeiten und Speichern ohne Microsoft Office.<\/p>\n<p>Lieferung: Sie erhalten die Excel-Arbeitsblattdatei (.xlsx) innerhalb von 24 Stunden oder weniger kostenlos per E-Mail mit einem Download-Link. Sie haben auch die M\u00f6glichkeit, das Produkt per DVD (per UPS, USPS) zu erhalten.<\/p>","protected":false},"excerpt":{"rendered":"<p>Weltm\u00fcnzen-Excel-Arbeitsblattdatenbank, Jahr 2025, Band 4 (L\u00e4nder DE), 4130 M\u00fcnzen sind in dieser Datenbank aufgef\u00fchrt.<\/p>","protected":false},"featured_media":974621,"template":"","meta":[],"product_brand":[],"product_cat":[3115],"product_tag":[],"class_list":{"0":"post-974620","1":"product","2":"type-product","3":"status-publish","4":"has-post-thumbnail","6":"product_cat-world-coin-database","7":"sales-flash-overlay","8":"woocommerce-text-align-center","9":"woocommerce-image-align-center","10":"do-quantity-buttons","12":"first","13":"instock","14":"virtual","15":"purchasable","16":"product-type-simple"},"_links":{"self":[{"href":"https:\/\/coinscatalogs.com\/de\/wp-json\/wp\/v2\/product\/974620","targetHints":{"allow":["GET"]}}],"collection":[{"href":"https:\/\/coinscatalogs.com\/de\/wp-json\/wp\/v2\/product"}],"about":[{"href":"https:\/\/coinscatalogs.com\/de\/wp-json\/wp\/v2\/types\/product"}],"wp:featuredmedia":[{"embeddable":true,"href":"https:\/\/coinscatalogs.com\/de\/wp-json\/wp\/v2\/media\/974621"}],"wp:attachment":[{"href":"https:\/\/coinscatalogs.com\/de\/wp-json\/wp\/v2\/media?parent=974620"}],"wp:term":[{"taxonomy":"product_brand","embeddable":true,"href":"https:\/\/coinscatalogs.com\/de\/wp-json\/wp\/v2\/product_brand?post=974620"},{"taxonomy":"product_cat","embeddable":true,"href":"https:\/\/coinscatalogs.com\/de\/wp-json\/wp\/v2\/product_cat?post=974620"},{"taxonomy":"product_tag","embeddable":true,"href":"https:\/\/coinscatalogs.com\/de\/wp-json\/wp\/v2\/product_tag?post=974620"}],"curies":[{"name":"wp","href":"https:\/\/api.w.org\/{rel}","templated":true}]}}