{"id":974618,"date":"2024-06-08T03:33:01","date_gmt":"2024-06-08T07:33:01","guid":{"rendered":"https:\/\/coinscatalogs.com\/?post_type=product&#038;p=974618"},"modified":"2025-07-03T07:49:22","modified_gmt":"2025-07-03T07:49:22","slug":"weltmunzendatenbank-lander-c","status":"publish","type":"product","link":"https:\/\/coinscatalogs.com\/de\/weltmunzendatenbank-lander-c\/","title":{"rendered":"Weltm\u00fcnzendatenbank 2025, Band 3 (L\u00e4nder C)"},"content":{"rendered":"<p>Band 3 enth\u00e4lt Listen f\u00fcr L\u00e4nder der Welt, die mit Buchstaben beginnen <strong>C<\/strong>Diese beginnen mit Kap Verde und enden mit der Tschechoslowakei.<\/p>\n<h4><strong><em>20144<\/em><\/strong> M\u00fcnzen sind in dieser Datenbank aufgef\u00fchrt<\/h4>\n<p>Band 3 umfasst 38 L\u00e4nder (sowohl bestehende als auch nicht mehr existierende L\u00e4nder). Die in Band 3 enthaltenen L\u00e4nder sind wie folgt:<\/p>\n<p><em>Kap Verde, Kambodscha, Kamerun, Kanada, Kap der Guten Hoffnung, Karolingerreich, Karthago, Kaimaninseln, Zentralafrikanische Republik, Zentralafrikanische Staaten, Ceylon, Tschad, Chile, China \u2013 Japanische Marionettenstaaten, Chinesische Dynastische Reiche, Volksrepublik China, Republik China, Chinesische Sowjetrepublik, Kokosinseln (Keelinginseln), Kolumbien, Santander, Komoren, Konf\u00f6derierte Staaten von Amerika, Demokratische Republik Kongo (Kinshasa), Freistaat Kongo, Republik Kongo (Brazzaville), Cookinseln, Costa Rica, Herzogtum Kurland und Semgallen, Kreta, Krim-Khanat, Kroatien, Kreuzfahrerstaaten, Kuba, Cura\u00e7ao, Zypern, Tschechische Republik, Tschechoslowakei.<\/em><\/p>\n<p>Sie erhalten die Datenbankdatei einschlie\u00dflich des M\u00fcnzbildes im bearbeitbaren Excel-Arbeitsblattformat (.xlsx).<\/p>\n<p>W\u00e4hrend Excel die einfachste M\u00f6glichkeit zum \u00d6ffnen einer XLSX-Datei ist, k\u00f6nnen auch andere Tabellenkalkulationsprogramme wie Apple Numbers, OpenOffice Calc, LibreOffice Calc und Google Sheets XLSX-Dateien \u00f6ffnen. Diese Programme sind mit Excel-Dateien kompatibel und erm\u00f6glichen das Anzeigen, Bearbeiten und Speichern ohne Microsoft Office.<\/p>\n<p>Lieferung: Sie erhalten die Excel-Arbeitsblattdatei (.xlsx) innerhalb von 24 Stunden oder weniger kostenlos per E-Mail mit einem Download-Link. Sie haben auch die M\u00f6glichkeit, das Produkt per DVD (per UPS, USPS) zu erhalten.<\/p>","protected":false},"excerpt":{"rendered":"<p>Excel-Arbeitsblattdatenbank \u201eWeltm\u00fcnzen\u201c \u2013 Jahr 2025, Band 3 (L\u00e4nder C), 20144 M\u00fcnzen sind in dieser Datenbank aufgef\u00fchrt.<\/p>","protected":false},"featured_media":974619,"template":"","meta":[],"product_brand":[],"product_cat":[3115],"product_tag":[],"class_list":{"0":"post-974618","1":"product","2":"type-product","3":"status-publish","4":"has-post-thumbnail","6":"product_cat-world-coin-database","7":"sales-flash-overlay","8":"woocommerce-text-align-center","9":"woocommerce-image-align-center","10":"do-quantity-buttons","12":"first","13":"instock","14":"downloadable","15":"virtual","16":"purchasable","17":"product-type-simple"},"_links":{"self":[{"href":"https:\/\/coinscatalogs.com\/de\/wp-json\/wp\/v2\/product\/974618","targetHints":{"allow":["GET"]}}],"collection":[{"href":"https:\/\/coinscatalogs.com\/de\/wp-json\/wp\/v2\/product"}],"about":[{"href":"https:\/\/coinscatalogs.com\/de\/wp-json\/wp\/v2\/types\/product"}],"wp:featuredmedia":[{"embeddable":true,"href":"https:\/\/coinscatalogs.com\/de\/wp-json\/wp\/v2\/media\/974619"}],"wp:attachment":[{"href":"https:\/\/coinscatalogs.com\/de\/wp-json\/wp\/v2\/media?parent=974618"}],"wp:term":[{"taxonomy":"product_brand","embeddable":true,"href":"https:\/\/coinscatalogs.com\/de\/wp-json\/wp\/v2\/product_brand?post=974618"},{"taxonomy":"product_cat","embeddable":true,"href":"https:\/\/coinscatalogs.com\/de\/wp-json\/wp\/v2\/product_cat?post=974618"},{"taxonomy":"product_tag","embeddable":true,"href":"https:\/\/coinscatalogs.com\/de\/wp-json\/wp\/v2\/product_tag?post=974618"}],"curies":[{"name":"wp","href":"https:\/\/api.w.org\/{rel}","templated":true}]}}