{"id":974616,"date":"2024-06-08T02:50:32","date_gmt":"2024-06-08T06:50:32","guid":{"rendered":"https:\/\/coinscatalogs.com\/?post_type=product&#038;p=974616"},"modified":"2025-10-14T13:41:27","modified_gmt":"2025-10-14T13:41:27","slug":"weltmunzendatenbank-lander-b","status":"publish","type":"product","link":"https:\/\/coinscatalogs.com\/de\/weltmunzendatenbank-lander-b\/","title":{"rendered":"Weltm\u00fcnzendatenbank 2025, Band 2 (L\u00e4nder B)"},"content":{"rendered":"<p>Band 2 enth\u00e4lt Listen f\u00fcr L\u00e4nder der Welt, die mit Buchstaben beginnen <strong>B<\/strong>Diese beginnen mit den Bahamas und enden mit dem Byzantinischen Reich.<\/p>\n<h4><strong><em>9390<\/em><\/strong> M\u00fcnzen sind in dieser Datenbank aufgef\u00fchrt<\/h4>\n<p>Band 2 umfasst 34 L\u00e4nder (sowohl bestehende als auch nicht mehr existierende L\u00e4nder). Die in Band 2 enthaltenen L\u00e4nder sind wie folgt:<\/p>\n<p><em>Bahamas, Bahrain, Bangladesch, Barbados, Wei\u00dfrussland, Belgisch-Kongo, Belgisch-Kongo, Ruanda-Urundi, Belgien, Belize, Benin, Bermuda, Bhutan, Biafra, B\u00f6hmen, B\u00f6hmen und M\u00e4hren, Bolivien, Bosnien und Herzegowina, Botswana, Brasilien, Britisches Antarktis-Territorium (BAT), Britisch-Ostafrika (Kenia, Uganda und Tanganjika), Britisch-Guayana, Britisch-Honduras, Britisches Territorium im Indischen Ozean, Britisch-Nordborneo, Britische Jungferninseln, Britisch-Westafrika, Britisch-Westindien, Brunei Darussalam, Bulgarien, Burkina Faso, Burma, Burundi, Byzantinisches Reich.<\/em><\/p>\n<p>Sie erhalten die Datenbankdatei einschlie\u00dflich des M\u00fcnzbildes im bearbeitbaren Excel-Arbeitsblattformat (.xlsx).<\/p>\n<p>W\u00e4hrend Excel die einfachste M\u00f6glichkeit zum \u00d6ffnen einer XLSX-Datei ist, k\u00f6nnen auch andere Tabellenkalkulationsprogramme wie Apple Numbers, OpenOffice Calc, LibreOffice Calc und Google Sheets XLSX-Dateien \u00f6ffnen. Diese Programme sind mit Excel-Dateien kompatibel und erm\u00f6glichen das Anzeigen, Bearbeiten und Speichern ohne Microsoft Office.<\/p>\n<p>Lieferung: Sie erhalten die Excel-Arbeitsblattdatei (.xlsx) innerhalb von 24 Stunden oder weniger kostenlos per E-Mail mit einem Download-Link. Sie haben auch die M\u00f6glichkeit, das Produkt per DVD (per UPS, USPS) zu erhalten.<\/p>","protected":false},"excerpt":{"rendered":"<p>World Coins Excel Worksheet Database Year 2025 Volume 2 (Countries B), 9390 coins are listed in this database.<\/p>","protected":false},"featured_media":974617,"template":"","meta":[],"product_brand":[],"product_cat":[3115],"product_tag":[],"class_list":{"0":"post-974616","1":"product","2":"type-product","3":"status-publish","4":"has-post-thumbnail","6":"product_cat-world-coin-database","7":"sales-flash-overlay","8":"woocommerce-text-align-center","9":"woocommerce-image-align-center","10":"do-quantity-buttons","12":"first","13":"instock","14":"virtual","15":"purchasable","16":"product-type-simple"},"_links":{"self":[{"href":"https:\/\/coinscatalogs.com\/de\/wp-json\/wp\/v2\/product\/974616","targetHints":{"allow":["GET"]}}],"collection":[{"href":"https:\/\/coinscatalogs.com\/de\/wp-json\/wp\/v2\/product"}],"about":[{"href":"https:\/\/coinscatalogs.com\/de\/wp-json\/wp\/v2\/types\/product"}],"wp:featuredmedia":[{"embeddable":true,"href":"https:\/\/coinscatalogs.com\/de\/wp-json\/wp\/v2\/media\/974617"}],"wp:attachment":[{"href":"https:\/\/coinscatalogs.com\/de\/wp-json\/wp\/v2\/media?parent=974616"}],"wp:term":[{"taxonomy":"product_brand","embeddable":true,"href":"https:\/\/coinscatalogs.com\/de\/wp-json\/wp\/v2\/product_brand?post=974616"},{"taxonomy":"product_cat","embeddable":true,"href":"https:\/\/coinscatalogs.com\/de\/wp-json\/wp\/v2\/product_cat?post=974616"},{"taxonomy":"product_tag","embeddable":true,"href":"https:\/\/coinscatalogs.com\/de\/wp-json\/wp\/v2\/product_tag?post=974616"}],"curies":[{"name":"wp","href":"https:\/\/api.w.org\/{rel}","templated":true}]}}