{"id":974588,"date":"2024-03-09T04:28:57","date_gmt":"2024-03-09T09:28:57","guid":{"rendered":"https:\/\/coinscatalogs.com\/?post_type=product&#038;p=974588"},"modified":"2025-06-23T15:48:37","modified_gmt":"2025-06-23T15:48:37","slug":"weltmunzendatenbank-band-1-lander-a","status":"publish","type":"product","link":"https:\/\/coinscatalogs.com\/de\/weltmunzendatenbank-lander-a\/","title":{"rendered":"Weltm\u00fcnzendatenbank 2025, Band 1 (L\u00e4nder A)"},"content":{"rendered":"<p>Band 1 enth\u00e4lt Listen f\u00fcr L\u00e4nder der Welt, die mit Buchstaben beginnen <strong>A<\/strong>Diese beginnen mit Abchasien und enden mit den Azoren.<\/p>\n<h4><strong><em>14495<\/em><\/strong> M\u00fcnzen sind in dieser Datenbank aufgef\u00fchrt<\/h4>\n<p>Band 1 umfasst 34 L\u00e4nder (sowohl bestehende als auch nicht mehr existierende L\u00e4nder). Die in Band 1 enthaltenen L\u00e4nder sind wie folgt:<\/p>\n<p><strong>Abchasien, Afghanistan, Adschman, Albanien, Alderney, Algerien, Amerikanisch-Samoa, Andorra, Angola, Anguilla, Antigua und Barbuda, Araukanien und Patagonien, Argentinien, Argentinien Buenos Aires, Argentinische Konf\u00f6deration, Argentinien C\u00f3rdoba, Argentinien Entre Rios, Argentinien La Rioja, Argentinien Mendoza, Argentinien Provincias Unidas del Rio de la Plata, Argentinien Salta, Argentinien Santiago del Estero, Argentinien Tucum\u00e1n, Armenien, Artsakh (Berg-Karabach), Aruba, Ascension Island, Australien, \u00d6sterreich, \u00d6sterreichische Niederlande, \u00d6sterreichische Staaten, \u00d6sterreichisch-ungarische Monarchie, Aserbaidschan, Azoren.<\/strong><\/p>\n<p>Sie erhalten die Datenbankdatei einschlie\u00dflich des M\u00fcnzbildes im bearbeitbaren Excel-Arbeitsblattformat (.xlsx).<\/p>\n<p>W\u00e4hrend Excel die einfachste M\u00f6glichkeit zum \u00d6ffnen einer XLSX-Datei ist, k\u00f6nnen auch andere Tabellenkalkulationsprogramme wie Apple Numbers, OpenOffice Calc, LibreOffice Calc und Google Sheets XLSX-Dateien \u00f6ffnen. Diese Programme sind mit Excel-Dateien kompatibel und erm\u00f6glichen das Anzeigen, Bearbeiten und Speichern ohne Microsoft Office.<\/p>\n<p>Lieferung: Sie erhalten die Excel-Arbeitsblattdatei (.xlsx) innerhalb von 24 Stunden oder weniger kostenlos per E-Mail mit einem Download-Link. Sie haben auch die M\u00f6glichkeit, das Produkt per DVD (per UPS, USPS) zu erhalten.<\/p>","protected":false},"excerpt":{"rendered":"<p>Excel-Arbeitsblattdatenbank \u201eWeltm\u00fcnzen\u201c \u2013 Jahr 2025, Band 1 (L\u00e4nder A). In dieser Datenbank sind 14.495 M\u00fcnzen aufgef\u00fchrt.<\/p>","protected":false},"featured_media":974613,"template":"","meta":[],"product_brand":[],"product_cat":[3115],"product_tag":[],"class_list":{"0":"post-974588","1":"product","2":"type-product","3":"status-publish","4":"has-post-thumbnail","6":"product_cat-world-coin-database","7":"sales-flash-overlay","8":"woocommerce-text-align-center","9":"woocommerce-image-align-center","10":"do-quantity-buttons","12":"first","13":"instock","14":"virtual","15":"purchasable","16":"product-type-simple"},"_links":{"self":[{"href":"https:\/\/coinscatalogs.com\/de\/wp-json\/wp\/v2\/product\/974588","targetHints":{"allow":["GET"]}}],"collection":[{"href":"https:\/\/coinscatalogs.com\/de\/wp-json\/wp\/v2\/product"}],"about":[{"href":"https:\/\/coinscatalogs.com\/de\/wp-json\/wp\/v2\/types\/product"}],"wp:featuredmedia":[{"embeddable":true,"href":"https:\/\/coinscatalogs.com\/de\/wp-json\/wp\/v2\/media\/974613"}],"wp:attachment":[{"href":"https:\/\/coinscatalogs.com\/de\/wp-json\/wp\/v2\/media?parent=974588"}],"wp:term":[{"taxonomy":"product_brand","embeddable":true,"href":"https:\/\/coinscatalogs.com\/de\/wp-json\/wp\/v2\/product_brand?post=974588"},{"taxonomy":"product_cat","embeddable":true,"href":"https:\/\/coinscatalogs.com\/de\/wp-json\/wp\/v2\/product_cat?post=974588"},{"taxonomy":"product_tag","embeddable":true,"href":"https:\/\/coinscatalogs.com\/de\/wp-json\/wp\/v2\/product_tag?post=974588"}],"curies":[{"name":"wp","href":"https:\/\/api.w.org\/{rel}","templated":true}]}}