{"id":725,"date":"2021-01-22T01:07:35","date_gmt":"2021-01-22T06:07:35","guid":{"rendered":"https:\/\/coinscatalogs.com\/p\/united-kingdom-of-great-britain-northern-ireland-coins-catalog-75-bc-to-2020\/"},"modified":"2026-02-11T17:34:04","modified_gmt":"2026-02-11T17:34:04","slug":"vereinigtes-konigreich-grosbritannien-nordirland-munzkatalog-75-v-chr-bis-2020","status":"publish","type":"product","link":"https:\/\/coinscatalogs.com\/de\/uk-munzenkatalog\/","title":{"rendered":"M\u00fcnzkatalog des Vereinigten K\u00f6nigreichs Gro\u00dfbritannien und Nordirland 2025"},"content":{"rendered":"<h2>M\u00fcnzkatalog des Vereinigten K\u00f6nigreichs Gro\u00dfbritannien und Nordirland 2025<\/h2>\n<p>Farbig illustrierter M\u00fcnzkatalog des Vereinigten K\u00f6nigreichs Gro\u00dfbritannien und Nordirland<\/p>\n<h4><strong><em>700 Pages<\/em><\/strong><\/h4>\n<h3>5547 Coins listed<\/h3>\n<p><strong>Dieser M\u00fcnzkatalog ist vollst\u00e4ndig in Farbe mit hochwertigen Bildern illustriert.<\/strong><\/p>\n<p>Diese Kataloge werden im PDF-Format geliefert und k\u00f6nnen auf jedem Computer angezeigt werden.<\/p>\n<p><strong>Lieferung:\u00a0<\/strong>Dies ist ein eBook im PDF-Format, das Sie innerhalb von 24 Stunden oder weniger per E-Mail erhalten. Sie haben auch die M\u00f6glichkeit, das Produkt per DVD zu erhalten.<\/p>\n<p>F\u00fcr weitere Informationen k\u00f6nnen Sie einen M\u00fcnzkatalog herunterladen. (siehe die\u00a0<a href=\"https:\/\/coinscatalogs.com\/de\/demoseite\/\"><strong>Demo<\/strong><\/a>\u00a0Seite f\u00fcr einen Demokatalog).<\/p>","protected":false},"excerpt":{"rendered":"<p>Printable Full Color Illustrated United Kingdom of Great Britain &amp; Northern Ireland Coins catalog 2025 ( 700 pages ) 5547 Coins listed<\/p>","protected":false},"featured_media":724,"template":"","meta":[],"product_brand":[],"product_cat":[17],"product_tag":[],"class_list":{"0":"post-725","1":"product","2":"type-product","3":"status-publish","4":"has-post-thumbnail","6":"product_cat-coins-catalog","7":"sales-flash-overlay","8":"woocommerce-text-align-center","9":"woocommerce-image-align-center","10":"do-quantity-buttons","12":"first","13":"instock","14":"sale","15":"downloadable","16":"virtual","17":"purchasable","18":"product-type-simple"},"_links":{"self":[{"href":"https:\/\/coinscatalogs.com\/de\/wp-json\/wp\/v2\/product\/725","targetHints":{"allow":["GET"]}}],"collection":[{"href":"https:\/\/coinscatalogs.com\/de\/wp-json\/wp\/v2\/product"}],"about":[{"href":"https:\/\/coinscatalogs.com\/de\/wp-json\/wp\/v2\/types\/product"}],"wp:featuredmedia":[{"embeddable":true,"href":"https:\/\/coinscatalogs.com\/de\/wp-json\/wp\/v2\/media\/724"}],"wp:attachment":[{"href":"https:\/\/coinscatalogs.com\/de\/wp-json\/wp\/v2\/media?parent=725"}],"wp:term":[{"taxonomy":"product_brand","embeddable":true,"href":"https:\/\/coinscatalogs.com\/de\/wp-json\/wp\/v2\/product_brand?post=725"},{"taxonomy":"product_cat","embeddable":true,"href":"https:\/\/coinscatalogs.com\/de\/wp-json\/wp\/v2\/product_cat?post=725"},{"taxonomy":"product_tag","embeddable":true,"href":"https:\/\/coinscatalogs.com\/de\/wp-json\/wp\/v2\/product_tag?post=725"}],"curies":[{"name":"wp","href":"https:\/\/api.w.org\/{rel}","templated":true}]}}