{"id":711,"date":"2022-03-17T09:14:35","date_gmt":"2022-03-17T13:14:35","guid":{"rendered":"https:\/\/coinscatalogs.com\/p\/spain-coins-catalog-450-bc-to-2020\/"},"modified":"2025-08-09T13:44:35","modified_gmt":"2025-08-09T13:44:35","slug":"spanien-munzkatalog-450-v-chr-bis-2020","status":"publish","type":"product","link":"https:\/\/coinscatalogs.com\/de\/spanien-munzen-katalog\/","title":{"rendered":"Spanien M\u00fcnzkatalog 2025"},"content":{"rendered":"<h2>Spanien-M\u00fcnzenkatalog<\/h2>\n<p>&amp; Alle Staaten, B\u00fcrgerkrieg.<\/p>\n<p>Farbig illustrierter Katalog mit spanischen M\u00fcnzen<\/p>\n<p>478 Seiten<\/p>\n<p>3532 M\u00fcnzen gelistet<\/p>\n<p>M\u00fcnzen einschlie\u00dfen von <em><strong>450 v. Chr. bis 2025<\/strong><\/em><\/p>\n<p><strong>Dieser M\u00fcnzkatalog ist vollst\u00e4ndig in Farbe mit hochwertigen Bildern illustriert.<\/strong><\/p>\n<p>Diese Kataloge werden im PDF-Format geliefert und k\u00f6nnen auf jedem Computer angezeigt werden.<\/p>\n<p><strong>Lieferung:\u00a0<\/strong>Dies ist ein eBook im PDF-Format, das Sie innerhalb von 24 Stunden oder weniger per E-Mail erhalten. Sie haben auch die M\u00f6glichkeit, das Produkt per DVD zu erhalten.<\/p>\n<p>F\u00fcr weitere Informationen k\u00f6nnen Sie einen M\u00fcnzkatalog herunterladen. (siehe die\u00a0<a href=\"https:\/\/coinscatalogs.com\/de\/demoseite\/\"><strong>Demo<\/strong><\/a>\u00a0Seite f\u00fcr einen Demokatalog).<\/p>","protected":false},"excerpt":{"rendered":"<p>Druckbarer, vollfarbiger, illustrierter spanischer M\u00fcnzkatalog 2025 (478 Seiten) mit 3532 aufgelisteten M\u00fcnzen<\/p>","protected":false},"featured_media":710,"template":"","meta":[],"product_brand":[],"product_cat":[17],"product_tag":[],"class_list":{"0":"post-711","1":"product","2":"type-product","3":"status-publish","4":"has-post-thumbnail","6":"product_cat-coins-catalog","7":"sales-flash-overlay","8":"woocommerce-text-align-center","9":"woocommerce-image-align-center","10":"do-quantity-buttons","12":"first","13":"instock","14":"downloadable","15":"virtual","16":"purchasable","17":"product-type-simple"},"_links":{"self":[{"href":"https:\/\/coinscatalogs.com\/de\/wp-json\/wp\/v2\/product\/711","targetHints":{"allow":["GET"]}}],"collection":[{"href":"https:\/\/coinscatalogs.com\/de\/wp-json\/wp\/v2\/product"}],"about":[{"href":"https:\/\/coinscatalogs.com\/de\/wp-json\/wp\/v2\/types\/product"}],"wp:featuredmedia":[{"embeddable":true,"href":"https:\/\/coinscatalogs.com\/de\/wp-json\/wp\/v2\/media\/710"}],"wp:attachment":[{"href":"https:\/\/coinscatalogs.com\/de\/wp-json\/wp\/v2\/media?parent=711"}],"wp:term":[{"taxonomy":"product_brand","embeddable":true,"href":"https:\/\/coinscatalogs.com\/de\/wp-json\/wp\/v2\/product_brand?post=711"},{"taxonomy":"product_cat","embeddable":true,"href":"https:\/\/coinscatalogs.com\/de\/wp-json\/wp\/v2\/product_cat?post=711"},{"taxonomy":"product_tag","embeddable":true,"href":"https:\/\/coinscatalogs.com\/de\/wp-json\/wp\/v2\/product_tag?post=711"}],"curies":[{"name":"wp","href":"https:\/\/api.w.org\/{rel}","templated":true}]}}