{"id":700,"date":"2022-03-17T09:18:02","date_gmt":"2022-03-17T13:18:02","guid":{"rendered":"https:\/\/coinscatalogs.com\/p\/turkey-coins-catalog-1143-to-2020\/"},"modified":"2025-06-23T15:47:49","modified_gmt":"2025-06-23T15:47:49","slug":"turkei-munzkatalog-1143-bis-2020","status":"publish","type":"product","link":"https:\/\/coinscatalogs.com\/de\/turkei-munzenkatalog\/","title":{"rendered":"T\u00fcrkiye-M\u00fcnzkatalog 2025"},"content":{"rendered":"<h2>T\u00fcrkiye (T\u00fcrkei) M\u00fcnzkatalog 2025<\/h2>\n<p>Vollfarbiger illustrierter t\u00fcrkischer M\u00fcnzkatalog<\/p>\n<h4><span style=\"color: #000080;\"><em><strong>1557<\/strong><\/em><\/span> Aufgelistete M\u00fcnzen, <span style=\"color: #000080;\"><strong><em>194<\/em><\/strong><\/span> Seiten<\/h4>\n<p><strong>Dieser M\u00fcnzkatalog ist vollst\u00e4ndig in Farbe mit hochwertigen Bildern illustriert.<\/strong><\/p>\n<p>Diese Kataloge werden im PDF-Format geliefert und k\u00f6nnen auf jedem Computer angezeigt werden.<\/p>\n<p><strong>Lieferung:\u00a0<\/strong>Dies ist ein eBook im PDF-Format, das Sie innerhalb von 24 Stunden oder weniger per E-Mail erhalten. Sie haben auch die M\u00f6glichkeit, das Produkt per DVD zu erhalten.<\/p>\n<p>F\u00fcr weitere Informationen k\u00f6nnen Sie einen M\u00fcnzkatalog herunterladen. (siehe die\u00a0<a href=\"https:\/\/coinscatalogs.com\/de\/demoseite\/\"><strong>Demo<\/strong><\/a>\u00a0Seite f\u00fcr einen Demokatalog).<\/p>","protected":false},"excerpt":{"rendered":"<p>Druckbare, vollfarbige Illustration <strong>T\u00fcrkei M\u00fcnzen<\/strong> Katalog 2025 ( 194 Seiten ) 1557 M\u00fcnzen gelistet<\/p>","protected":false},"featured_media":699,"template":"","meta":[],"product_brand":[],"product_cat":[17],"product_tag":[],"class_list":{"0":"post-700","1":"product","2":"type-product","3":"status-publish","4":"has-post-thumbnail","6":"product_cat-coins-catalog","7":"sales-flash-overlay","8":"woocommerce-text-align-center","9":"woocommerce-image-align-center","10":"do-quantity-buttons","12":"first","13":"instock","14":"sale","15":"virtual","16":"purchasable","17":"product-type-simple"},"_links":{"self":[{"href":"https:\/\/coinscatalogs.com\/de\/wp-json\/wp\/v2\/product\/700","targetHints":{"allow":["GET"]}}],"collection":[{"href":"https:\/\/coinscatalogs.com\/de\/wp-json\/wp\/v2\/product"}],"about":[{"href":"https:\/\/coinscatalogs.com\/de\/wp-json\/wp\/v2\/types\/product"}],"wp:featuredmedia":[{"embeddable":true,"href":"https:\/\/coinscatalogs.com\/de\/wp-json\/wp\/v2\/media\/699"}],"wp:attachment":[{"href":"https:\/\/coinscatalogs.com\/de\/wp-json\/wp\/v2\/media?parent=700"}],"wp:term":[{"taxonomy":"product_brand","embeddable":true,"href":"https:\/\/coinscatalogs.com\/de\/wp-json\/wp\/v2\/product_brand?post=700"},{"taxonomy":"product_cat","embeddable":true,"href":"https:\/\/coinscatalogs.com\/de\/wp-json\/wp\/v2\/product_cat?post=700"},{"taxonomy":"product_tag","embeddable":true,"href":"https:\/\/coinscatalogs.com\/de\/wp-json\/wp\/v2\/product_tag?post=700"}],"curies":[{"name":"wp","href":"https:\/\/api.w.org\/{rel}","templated":true}]}}