{"id":682,"date":"2021-01-22T01:07:27","date_gmt":"2021-01-22T06:07:27","guid":{"rendered":"https:\/\/coinscatalogs.com\/p\/south-africa-coins-catalog-1874-to-2020\/"},"modified":"2025-07-12T04:11:59","modified_gmt":"2025-07-12T04:11:59","slug":"sudafrikanischer-munzkatalog-1874-bis-2020","status":"publish","type":"product","link":"https:\/\/coinscatalogs.com\/de\/sudafrika-munzkatalog\/","title":{"rendered":"S\u00fcdafrika-M\u00fcnzenkatalog 2025"},"content":{"rendered":"<p>S\u00fcdafrika-M\u00fcnzenkatalog 2025<\/p>\n<p>Farbig illustrierter s\u00fcdafrikanischer M\u00fcnzkatalog<br \/>\n149 Seiten<\/p>\n<p>1182 M\u00fcnzen gelistet<\/p>\n<p>&nbsp;<\/p>\n<p><strong>Dieser M\u00fcnzkatalog ist vollst\u00e4ndig in Farbe mit hochwertigen Bildern illustriert.<\/strong><\/p>\n<p>Diese Kataloge werden im PDF-Format geliefert und k\u00f6nnen auf jedem Computer angezeigt werden.<\/p>\n<p><strong>Lieferung:\u00a0<\/strong>Dies ist ein eBook im PDF-Format, das Sie innerhalb von 24 Stunden oder weniger per E-Mail erhalten. Sie haben auch die M\u00f6glichkeit, das Produkt per DVD zu erhalten.<\/p>\n<p>F\u00fcr weitere Informationen k\u00f6nnen Sie einen M\u00fcnzkatalog herunterladen. (siehe die\u00a0<a href=\"https:\/\/coinscatalogs.com\/de\/demoseite\/\"><strong>Demo<\/strong><\/a>\u00a0Seite f\u00fcr einen Demokatalog).<\/p>","protected":false},"excerpt":{"rendered":"<p>Druckbarer, vollfarbiger, illustrierter s\u00fcdafrikanischer M\u00fcnzkatalog 2025 (149 Seiten) mit 1182 aufgelisteten M\u00fcnzen<\/p>","protected":false},"featured_media":681,"template":"","meta":[],"product_brand":[],"product_cat":[17],"product_tag":[],"class_list":{"0":"post-682","1":"product","2":"type-product","3":"status-publish","4":"has-post-thumbnail","6":"product_cat-coins-catalog","7":"sales-flash-overlay","8":"woocommerce-text-align-center","9":"woocommerce-image-align-center","10":"do-quantity-buttons","12":"first","13":"instock","14":"virtual","15":"purchasable","16":"product-type-simple"},"_links":{"self":[{"href":"https:\/\/coinscatalogs.com\/de\/wp-json\/wp\/v2\/product\/682","targetHints":{"allow":["GET"]}}],"collection":[{"href":"https:\/\/coinscatalogs.com\/de\/wp-json\/wp\/v2\/product"}],"about":[{"href":"https:\/\/coinscatalogs.com\/de\/wp-json\/wp\/v2\/types\/product"}],"wp:featuredmedia":[{"embeddable":true,"href":"https:\/\/coinscatalogs.com\/de\/wp-json\/wp\/v2\/media\/681"}],"wp:attachment":[{"href":"https:\/\/coinscatalogs.com\/de\/wp-json\/wp\/v2\/media?parent=682"}],"wp:term":[{"taxonomy":"product_brand","embeddable":true,"href":"https:\/\/coinscatalogs.com\/de\/wp-json\/wp\/v2\/product_brand?post=682"},{"taxonomy":"product_cat","embeddable":true,"href":"https:\/\/coinscatalogs.com\/de\/wp-json\/wp\/v2\/product_cat?post=682"},{"taxonomy":"product_tag","embeddable":true,"href":"https:\/\/coinscatalogs.com\/de\/wp-json\/wp\/v2\/product_tag?post=682"}],"curies":[{"name":"wp","href":"https:\/\/api.w.org\/{rel}","templated":true}]}}