{"id":664,"date":"2021-01-22T06:07:23","date_gmt":"2021-01-22T11:07:23","guid":{"rendered":"https:\/\/coinscatalogs.com\/p\/israel-coins-catalog-1948-to-2019\/"},"modified":"2025-06-23T15:50:34","modified_gmt":"2025-06-23T15:50:34","slug":"israelischer-munzkatalog-1948-bis-2019","status":"publish","type":"product","link":"https:\/\/coinscatalogs.com\/de\/israelischer-munzkatalog\/","title":{"rendered":"Israelischer M\u00fcnzkatalog 2024"},"content":{"rendered":"<h2>Israelischer M\u00fcnzkatalog 2024<\/h2>\n<p>Vollfarbiger illustrierter Israel-M\u00fcnzenkatalog<\/p>\n<p><em><strong>108<\/strong><\/em> Seiten<\/p>\n<h4><strong><span style=\"color: #333399;\"><em>861 M\u00fcnzen gelistet<\/em><\/span><\/strong><\/h4>\n<p><strong>Dieser M\u00fcnzkatalog ist vollst\u00e4ndig in Farbe mit hochwertigen Bildern illustriert.<\/strong><\/p>\n<p>Diese Kataloge werden im PDF-Format geliefert und k\u00f6nnen auf jedem Computer angezeigt werden.<\/p>\n<p><strong>Lieferung:\u00a0<\/strong>Dies ist ein eBook im PDF-Format, das Sie innerhalb von 24 Stunden oder weniger per E-Mail erhalten. Sie haben auch die M\u00f6glichkeit, das Produkt per DVD zu erhalten.<\/p>\n<p>F\u00fcr weitere Informationen k\u00f6nnen Sie einen M\u00fcnzkatalog herunterladen. (siehe die\u00a0<a href=\"https:\/\/coinscatalogs.com\/de\/demoseite\/\"><strong>Demo<\/strong><\/a>\u00a0Seite f\u00fcr einen Demokatalog).<\/p>","protected":false},"excerpt":{"rendered":"<p>Druckbarer, vollfarbiger, illustrierter Israel-M\u00fcnzenkatalog 2024 (108 Seiten) mit 861 aufgelisteten M\u00fcnzen<\/p>","protected":false},"featured_media":663,"template":"","meta":[],"product_brand":[],"product_cat":[17],"product_tag":[],"class_list":{"0":"post-664","1":"product","2":"type-product","3":"status-publish","4":"has-post-thumbnail","6":"product_cat-coins-catalog","7":"sales-flash-overlay","8":"woocommerce-text-align-center","9":"woocommerce-image-align-center","10":"do-quantity-buttons","12":"first","13":"instock","14":"virtual","15":"purchasable","16":"product-type-simple"},"_links":{"self":[{"href":"https:\/\/coinscatalogs.com\/de\/wp-json\/wp\/v2\/product\/664","targetHints":{"allow":["GET"]}}],"collection":[{"href":"https:\/\/coinscatalogs.com\/de\/wp-json\/wp\/v2\/product"}],"about":[{"href":"https:\/\/coinscatalogs.com\/de\/wp-json\/wp\/v2\/types\/product"}],"wp:featuredmedia":[{"embeddable":true,"href":"https:\/\/coinscatalogs.com\/de\/wp-json\/wp\/v2\/media\/663"}],"wp:attachment":[{"href":"https:\/\/coinscatalogs.com\/de\/wp-json\/wp\/v2\/media?parent=664"}],"wp:term":[{"taxonomy":"product_brand","embeddable":true,"href":"https:\/\/coinscatalogs.com\/de\/wp-json\/wp\/v2\/product_brand?post=664"},{"taxonomy":"product_cat","embeddable":true,"href":"https:\/\/coinscatalogs.com\/de\/wp-json\/wp\/v2\/product_cat?post=664"},{"taxonomy":"product_tag","embeddable":true,"href":"https:\/\/coinscatalogs.com\/de\/wp-json\/wp\/v2\/product_tag?post=664"}],"curies":[{"name":"wp","href":"https:\/\/api.w.org\/{rel}","templated":true}]}}