{"id":660,"date":"2021-01-22T06:07:22","date_gmt":"2021-01-22T11:07:22","guid":{"rendered":"https:\/\/coinscatalogs.com\/p\/singapore-coins-catalog-1967-to-2020\/"},"modified":"2025-06-23T15:50:30","modified_gmt":"2025-06-23T15:50:30","slug":"singapur-munzkatalog-1967-bis-2020","status":"publish","type":"product","link":"https:\/\/coinscatalogs.com\/de\/singapur-munzenkatalog\/","title":{"rendered":"Singapur-M\u00fcnzenkatalog 2025"},"content":{"rendered":"<h2>Singapur-M\u00fcnzenkatalog 2025<\/h2>\n<h3>Farbig illustrierter Singapur-M\u00fcnzenkatalog<\/h3>\n<h4><strong>856<\/strong> Aufgelistete M\u00fcnzen, <strong>105<\/strong> Seiten<\/h4>\n<p><em><p><strong>Dieser M\u00fcnzkatalog ist vollst\u00e4ndig in Farbe mit hochwertigen Bildern illustriert.<\/strong><\/p>\n<p>Diese Kataloge werden im PDF-Format geliefert und k\u00f6nnen auf jedem Computer angezeigt werden.<\/p>\n<p><strong>Lieferung:\u00a0<\/strong>Dies ist ein eBook im PDF-Format, das Sie innerhalb von 24 Stunden oder weniger per E-Mail erhalten. Sie haben auch die M\u00f6glichkeit, das Produkt per DVD zu erhalten.<\/p>\n<p>F\u00fcr weitere Informationen k\u00f6nnen Sie einen M\u00fcnzkatalog herunterladen. (siehe die\u00a0<a href=\"https:\/\/coinscatalogs.com\/de\/demoseite\/\"><strong>Demo<\/strong><\/a>\u00a0Seite f\u00fcr einen Demokatalog).<\/p><\/em><\/p>","protected":false},"excerpt":{"rendered":"<p>Druckbarer, vollfarbiger, illustrierter Singapur-M\u00fcnzenkatalog 2025 (105 Seiten) 856 aufgelistete M\u00fcnzen<\/p>","protected":false},"featured_media":659,"template":"","meta":[],"product_brand":[],"product_cat":[17],"product_tag":[],"class_list":{"0":"post-660","1":"product","2":"type-product","3":"status-publish","4":"has-post-thumbnail","6":"product_cat-coins-catalog","7":"sales-flash-overlay","8":"woocommerce-text-align-center","9":"woocommerce-image-align-center","10":"do-quantity-buttons","12":"first","13":"instock","14":"sale","15":"virtual","16":"purchasable","17":"product-type-simple"},"_links":{"self":[{"href":"https:\/\/coinscatalogs.com\/de\/wp-json\/wp\/v2\/product\/660","targetHints":{"allow":["GET"]}}],"collection":[{"href":"https:\/\/coinscatalogs.com\/de\/wp-json\/wp\/v2\/product"}],"about":[{"href":"https:\/\/coinscatalogs.com\/de\/wp-json\/wp\/v2\/types\/product"}],"wp:featuredmedia":[{"embeddable":true,"href":"https:\/\/coinscatalogs.com\/de\/wp-json\/wp\/v2\/media\/659"}],"wp:attachment":[{"href":"https:\/\/coinscatalogs.com\/de\/wp-json\/wp\/v2\/media?parent=660"}],"wp:term":[{"taxonomy":"product_brand","embeddable":true,"href":"https:\/\/coinscatalogs.com\/de\/wp-json\/wp\/v2\/product_brand?post=660"},{"taxonomy":"product_cat","embeddable":true,"href":"https:\/\/coinscatalogs.com\/de\/wp-json\/wp\/v2\/product_cat?post=660"},{"taxonomy":"product_tag","embeddable":true,"href":"https:\/\/coinscatalogs.com\/de\/wp-json\/wp\/v2\/product_tag?post=660"}],"curies":[{"name":"wp","href":"https:\/\/api.w.org\/{rel}","templated":true}]}}