{"id":638,"date":"2021-01-22T01:07:18","date_gmt":"2021-01-22T06:07:18","guid":{"rendered":"https:\/\/coinscatalogs.com\/p\/new-zealand-coins-catalog-1933-to-2019\/"},"modified":"2025-06-23T15:50:16","modified_gmt":"2025-06-23T15:50:16","slug":"neuseelandischer-munzkatalog-1933-bis-2019","status":"publish","type":"product","link":"https:\/\/coinscatalogs.com\/de\/neuseelandischer-munzkatalog\/","title":{"rendered":"Neuseel\u00e4ndischer M\u00fcnzkatalog 2025"},"content":{"rendered":"<h2>Neuseel\u00e4ndischer M\u00fcnzkatalog 2025<\/h2>\n<h3>Vollfarbiger illustrierter neuseel\u00e4ndischer M\u00fcnzkatalog<\/h3>\n<h4><em><span style=\"color: #003300;\"><strong>828<\/strong><\/span> Aufgelistete M\u00fcnzen, <span style=\"color: #003300;\"><strong>102<\/strong> <\/span>Seiten<\/em><\/h4>\n<p><strong>Dieser M\u00fcnzkatalog ist vollst\u00e4ndig in Farbe mit hochwertigen Bildern illustriert.<\/strong><\/p>\n<p>Diese Kataloge werden im PDF-Format geliefert und k\u00f6nnen auf jedem Computer angezeigt werden.<\/p>\n<p><strong>Lieferung:\u00a0<\/strong>Dies ist ein eBook im PDF-Format, das Sie innerhalb von 24 Stunden oder weniger per E-Mail erhalten. Sie haben auch die M\u00f6glichkeit, das Produkt per DVD zu erhalten.<\/p>\n<p>F\u00fcr weitere Informationen k\u00f6nnen Sie einen M\u00fcnzkatalog herunterladen. (siehe die\u00a0<a href=\"https:\/\/coinscatalogs.com\/de\/demoseite\/\"><strong>Demo<\/strong><\/a>\u00a0Seite f\u00fcr einen Demokatalog).<\/p>","protected":false},"excerpt":{"rendered":"<p>Druckbarer, vollfarbiger, illustrierter neuseel\u00e4ndischer M\u00fcnzkatalog 2025 (102 Seiten) 828 aufgelistete M\u00fcnzen<\/p>","protected":false},"featured_media":637,"template":"","meta":[],"product_brand":[],"product_cat":[17],"product_tag":[],"class_list":{"0":"post-638","1":"product","2":"type-product","3":"status-publish","4":"has-post-thumbnail","6":"product_cat-coins-catalog","7":"sales-flash-overlay","8":"woocommerce-text-align-center","9":"woocommerce-image-align-center","10":"do-quantity-buttons","12":"first","13":"instock","14":"sale","15":"virtual","16":"purchasable","17":"product-type-simple"},"_links":{"self":[{"href":"https:\/\/coinscatalogs.com\/de\/wp-json\/wp\/v2\/product\/638","targetHints":{"allow":["GET"]}}],"collection":[{"href":"https:\/\/coinscatalogs.com\/de\/wp-json\/wp\/v2\/product"}],"about":[{"href":"https:\/\/coinscatalogs.com\/de\/wp-json\/wp\/v2\/types\/product"}],"wp:featuredmedia":[{"embeddable":true,"href":"https:\/\/coinscatalogs.com\/de\/wp-json\/wp\/v2\/media\/637"}],"wp:attachment":[{"href":"https:\/\/coinscatalogs.com\/de\/wp-json\/wp\/v2\/media?parent=638"}],"wp:term":[{"taxonomy":"product_brand","embeddable":true,"href":"https:\/\/coinscatalogs.com\/de\/wp-json\/wp\/v2\/product_brand?post=638"},{"taxonomy":"product_cat","embeddable":true,"href":"https:\/\/coinscatalogs.com\/de\/wp-json\/wp\/v2\/product_cat?post=638"},{"taxonomy":"product_tag","embeddable":true,"href":"https:\/\/coinscatalogs.com\/de\/wp-json\/wp\/v2\/product_tag?post=638"}],"curies":[{"name":"wp","href":"https:\/\/api.w.org\/{rel}","templated":true}]}}