{"id":624,"date":"2021-01-22T06:07:15","date_gmt":"2021-01-22T06:07:15","guid":{"rendered":"https:\/\/coinscatalogs.com\/p\/romania-coins-catalog-1867-to-2020\/"},"modified":"2025-06-23T15:50:10","modified_gmt":"2025-06-23T15:50:10","slug":"rumanien-munzkatalog-1867-bis-2020","status":"publish","type":"product","link":"https:\/\/coinscatalogs.com\/de\/rumanien-munzen-katalog\/","title":{"rendered":"Rum\u00e4nien-M\u00fcnzenkatalog 2025"},"content":{"rendered":"<h2>Rum\u00e4nien-M\u00fcnzenkatalog 2025<\/h2>\n<p>Vollfarbiger illustrierter Katalog rum\u00e4nischer M\u00fcnzen<\/p>\n<h4><em>711 M\u00fcnzen aufgelistet, 80 Seiten<\/em><\/h4>\n<p><em><p><strong>Dieser M\u00fcnzkatalog ist vollst\u00e4ndig in Farbe mit hochwertigen Bildern illustriert.<\/strong><\/p>\n<p>Diese Kataloge werden im PDF-Format geliefert und k\u00f6nnen auf jedem Computer angezeigt werden.<\/p>\n<p><strong>Lieferung:\u00a0<\/strong>Dies ist ein eBook im PDF-Format, das Sie innerhalb von 24 Stunden oder weniger per E-Mail erhalten. Sie haben auch die M\u00f6glichkeit, das Produkt per DVD zu erhalten.<\/p>\n<p>F\u00fcr weitere Informationen k\u00f6nnen Sie einen M\u00fcnzkatalog herunterladen. (siehe die\u00a0<a href=\"https:\/\/coinscatalogs.com\/de\/demoseite\/\"><strong>Demo<\/strong><\/a>\u00a0Seite f\u00fcr einen Demokatalog).<\/p><\/em><\/p>","protected":false},"excerpt":{"rendered":"<p>Druckbarer, vollfarbiger, illustrierter Rum\u00e4nien-M\u00fcnzkatalog 2025 (80 Seiten) mit 711 aufgelisteten M\u00fcnzen<\/p>","protected":false},"featured_media":623,"template":"","meta":[],"product_brand":[],"product_cat":[17],"product_tag":[],"class_list":{"0":"post-624","1":"product","2":"type-product","3":"status-publish","4":"has-post-thumbnail","6":"product_cat-coins-catalog","7":"sales-flash-overlay","8":"woocommerce-text-align-center","9":"woocommerce-image-align-center","10":"do-quantity-buttons","12":"first","13":"instock","14":"sale","15":"virtual","16":"purchasable","17":"product-type-simple"},"_links":{"self":[{"href":"https:\/\/coinscatalogs.com\/de\/wp-json\/wp\/v2\/product\/624","targetHints":{"allow":["GET"]}}],"collection":[{"href":"https:\/\/coinscatalogs.com\/de\/wp-json\/wp\/v2\/product"}],"about":[{"href":"https:\/\/coinscatalogs.com\/de\/wp-json\/wp\/v2\/types\/product"}],"wp:featuredmedia":[{"embeddable":true,"href":"https:\/\/coinscatalogs.com\/de\/wp-json\/wp\/v2\/media\/623"}],"wp:attachment":[{"href":"https:\/\/coinscatalogs.com\/de\/wp-json\/wp\/v2\/media?parent=624"}],"wp:term":[{"taxonomy":"product_brand","embeddable":true,"href":"https:\/\/coinscatalogs.com\/de\/wp-json\/wp\/v2\/product_brand?post=624"},{"taxonomy":"product_cat","embeddable":true,"href":"https:\/\/coinscatalogs.com\/de\/wp-json\/wp\/v2\/product_cat?post=624"},{"taxonomy":"product_tag","embeddable":true,"href":"https:\/\/coinscatalogs.com\/de\/wp-json\/wp\/v2\/product_tag?post=624"}],"curies":[{"name":"wp","href":"https:\/\/api.w.org\/{rel}","templated":true}]}}