{"id":578,"date":"2021-01-22T06:07:05","date_gmt":"2021-01-22T11:07:05","guid":{"rendered":"https:\/\/coinscatalogs.com\/p\/germany-federal-republic-coins-catalog-1948-to-2020\/"},"modified":"2026-01-06T16:18:49","modified_gmt":"2026-01-06T16:18:49","slug":"deutschland-munzen-katalog","status":"publish","type":"product","link":"https:\/\/coinscatalogs.com\/de\/deutschland-munzen-katalog\/","title":{"rendered":"Deutschland M\u00fcnzen Katalog 2025"},"content":{"rendered":"<h2>Deutschland M\u00fcnzen Katalog 2025<\/h2>\n<p><em>&amp; Germany Empire, German states, Third Reich,\u00a0 East Germany (German Democratic Republic), Federal Republic of Germany.<\/em><\/p>\n<p>Farbig illustrierter Katalog deutscher M\u00fcnzen<\/p>\n<p><em><strong>407<\/strong><\/em>\u00a0 Seiten<\/p>\n<p><strong><em>3277<\/em>\u00a0Aufgelistete M\u00fcnzen<\/strong><\/p>\n<p><strong>Dieser M\u00fcnzkatalog ist vollst\u00e4ndig in Farbe mit hochwertigen Bildern illustriert.<\/strong><\/p>\n<p>Diese Kataloge werden im PDF-Format geliefert und k\u00f6nnen auf jedem Computer angezeigt werden.<\/p>\n<p><strong>Lieferung:\u00a0<\/strong>Dies ist ein eBook im PDF-Format, das Sie innerhalb von 24 Stunden oder weniger per E-Mail erhalten. Sie haben auch die M\u00f6glichkeit, das Produkt per DVD zu erhalten.<\/p>\n<p>F\u00fcr weitere Informationen k\u00f6nnen Sie einen M\u00fcnzkatalog herunterladen. (siehe die\u00a0<a href=\"https:\/\/coinscatalogs.com\/de\/demoseite\/\"><strong>Demo<\/strong><\/a>\u00a0Seite f\u00fcr einen Demokatalog).<\/p>","protected":false},"excerpt":{"rendered":"<p>Printable Full Color Illustrated Germany Coins catalog 2025 ( 407 pages ) 3277 Coins listed.<\/p>","protected":false},"featured_media":577,"template":"","meta":[],"product_brand":[],"product_cat":[17],"product_tag":[],"class_list":{"0":"post-578","1":"product","2":"type-product","3":"status-publish","4":"has-post-thumbnail","6":"product_cat-coins-catalog","7":"sales-flash-overlay","8":"woocommerce-text-align-center","9":"woocommerce-image-align-center","10":"do-quantity-buttons","12":"first","13":"instock","14":"sale","15":"downloadable","16":"virtual","17":"purchasable","18":"product-type-simple"},"_links":{"self":[{"href":"https:\/\/coinscatalogs.com\/de\/wp-json\/wp\/v2\/product\/578","targetHints":{"allow":["GET"]}}],"collection":[{"href":"https:\/\/coinscatalogs.com\/de\/wp-json\/wp\/v2\/product"}],"about":[{"href":"https:\/\/coinscatalogs.com\/de\/wp-json\/wp\/v2\/types\/product"}],"wp:featuredmedia":[{"embeddable":true,"href":"https:\/\/coinscatalogs.com\/de\/wp-json\/wp\/v2\/media\/577"}],"wp:attachment":[{"href":"https:\/\/coinscatalogs.com\/de\/wp-json\/wp\/v2\/media?parent=578"}],"wp:term":[{"taxonomy":"product_brand","embeddable":true,"href":"https:\/\/coinscatalogs.com\/de\/wp-json\/wp\/v2\/product_brand?post=578"},{"taxonomy":"product_cat","embeddable":true,"href":"https:\/\/coinscatalogs.com\/de\/wp-json\/wp\/v2\/product_cat?post=578"},{"taxonomy":"product_tag","embeddable":true,"href":"https:\/\/coinscatalogs.com\/de\/wp-json\/wp\/v2\/product_tag?post=578"}],"curies":[{"name":"wp","href":"https:\/\/api.w.org\/{rel}","templated":true}]}}