{"id":389617,"date":"2022-06-04T22:24:08","date_gmt":"2022-06-05T02:24:08","guid":{"rendered":"https:\/\/coinscatalogs.com\/?post_type=product&#038;p=389617"},"modified":"2025-05-18T13:37:47","modified_gmt":"2025-05-18T17:37:47","slug":"weltmunzenkatalog","status":"publish","type":"product","link":"https:\/\/coinscatalogs.com\/de\/weltmunzenkatalog\/","title":{"rendered":"Weltm\u00fcnzenkatalog 2023 (KOSTENLOS)"},"content":{"rendered":"<h1>Kostenloser Weltm\u00fcnzenkatalog<\/h1>\n<h2>Weltm\u00fcnzenkatalog <em><strong>2023\u00a0<\/strong><\/em><\/h2>\n<h3>Farbig illustrierter Weltm\u00fcnzenkatalog<\/h3>\n<h4><em><strong><span style=\"color: #0000ff;\">21260<\/span> Seiten, <\/strong><\/em><span style=\"color: #0000ff;\"><strong>172,739 <\/strong><\/span><strong>Aufgelistete M\u00fcnzen<\/strong><\/h4>\n<h4>Weltm\u00fcnzen einschlie\u00dfen von <strong>700 v. Chr.<\/strong> Zu <strong>2023<\/strong><\/h4>\n<h5><em><span style=\"color: #d62d20;\"><strong>Sofortige E-Mail-Zustellung<\/strong><\/span><\/em><\/h5>\n<p>&nbsp;<\/p>\n<h5 style=\"text-align: center;\"><strong>L\u00e4nderliste<\/strong>: Abchasien, Afghanistan, Adschman, Albanien, Alderney, Algerien, Amerikanisch-Samoa, Andorra, Angola, Anguilla, Antigua und Barbuda, Araukanien und Patagonien, Argentinien, Argentinien, Konf\u00f6deration, Armenien, Arzach, Aruba, Ascension, Australien, \u00d6sterreich, \u00d6sterreichische Niederlande, \u00d6sterreichische Staaten, \u00d6sterreichisch-Ungarische Monarchie, Aserbaidschan, Azoren, Bahamas, Bahrain, Bangladesch, Barbados, Wei\u00dfrussland, Belgisch-Kongo, Belgisch-Kongo, Ruanda-Urundi, Belgien, Belize, Benin, Bermuda, Bhutan, Biafra, B\u00f6hmen und M\u00e4hren, B\u00f6hmen, Bolivien, Bosnien und Herzegowina, Botsuana, Brasilien, Britisches Antarktis-Territorium, Britisch-Ostafrika, Britisch-Guayana, Britisch-Honduras, Britisches Territorium im Indischen Ozean, Britisch-Nordborneo, Britische Jungferninseln, Britisch-Westafrika, Britisch-Westindien, Brunei Darussalam, Bulgarien, Burkina Faso Faso, Burundi, Byzantinisches Reich, Kap Verde, Kambodscha, Kamerun, Kanada, Kap der Guten Hoffnung, Karolingerreich, Karthago, Kaimaninseln, Zentralafrikanische Republik, Zentralafrikanische Staaten, Ceylon, Tschad, Chile, China \u2013 Japanische Marionettenstaaten, China, Dynastische Imperien, China, Volksrepublik, China, Republik, China, Sowjetrepublik, Kokosinseln, Kolumbien, Kolumbien, Santander, Komoren, Konf\u00f6derierte Staaten von Amerika, Kongo, Demokratische Republik, Kongo, Freistaat, Kongo, Republik, Cookinseln, Costa Rica, Kurland und Semgallen, Herzogtum, Kreta, Krim-Khanat, Kroatien, Kreuzfahrerstaaten, Kuba, Cura\u00e7ao, Zypern, Tschechische Republik, Tschechoslowakei, Dahomey, D\u00e4nisch-Westindien, D\u00e4nemark Gl\u00fcckstadt, D\u00e4nemark Holstein-Gottorp-Rendsborg, D\u00e4nemark, Dschibuti, Dominica, Dominikanische Republik, Ostkaribische Staaten, Osttimor, Ecuador, \u00c4gypten \u2013 Antike, \u00c4gypten, El Salvador, \u00c4quatorialafrikanische Staaten, \u00c4quatorialguinea, Eritrea, Estland, \u00c4thiopien, Falklandinseln, Fantasieausgaben, F\u00e4r\u00f6er-Inseln, Malaiische Bundesstaaten, Bundesrepublik Mittelamerika, Fidschi, Finnland, Frankreich, Franz\u00f6sisch-Afar und Issas, Franz\u00f6sische Antillen, Franz\u00f6sisch-Cochinchina, Franz\u00f6sische Kolonien, Franz\u00f6sisch-\u00c4quatorialafrika, Franz\u00f6sisch-Guayana, Franz\u00f6sisch-Indochina, Franz\u00f6sisch-Ozeanien, Franz\u00f6sisch-Polynesien, Franz\u00f6sisch-Somaliland, Franz\u00f6sische S\u00fcd- und Antarktisgebiete, Franz\u00f6sisch-Westafrika, Fudschaira, Gabun, Gambia, Georgien, Deutsch-Ostafrika, Deutsch-Neuguinea, Deutsche Staaten, Deutschland, Demokratische Republik, Deutschland, Kaiserreich, Deutschland, Bundesrepublik Deutschland, Deutschland, Drittes Reich, Deutschland, Weimarer Republik, Ghana, Gibraltar, Goldk\u00fcste, Goldene Horde, Gough-Insel, Antikes Griechenland, Griechenland, Gr\u00f6nland, Grenada, Guadeloupe, Guatemala, Guernsey, Guinea, Guinea-Bissau, Guyana, Haiti, Hawaii, Honduras, Hongkong, Ungarn, Island, \u00celes de France et Bonaparte, Indien, Britisch Indien, D\u00e4nisch, Indien, Niederl\u00e4ndisch, Indien, Feudalstaaten, Indien, Franz\u00f6sisch, Indien, Portugiesisch, Indien, Republik, Indo-Hephthalitisches K\u00f6nigreich, Indonesien, Ionische Inseln \u2013 Britische Verwaltung, Iran, Irak, Irland, Irland-Hibernia, Isle de Bourbon, Isle of Man, Israel, Italienischer Kirchenstaat, Italienisches Somaliland, Italienische Staaten, Italien, Elfenbeink\u00fcste, Jamaika, Japan, Jersey, Jordanien, Jud\u00e4a, K\u00f6nigreich, Katanga, Kasachstan, Kenia, Volkssowjetrepublik Khorezm , Kiao Chau, K\u00f6nigreich Jerusalem, Kiribati, Korea, Korea, Norden, Korea, S\u00fcden, Kuwait, Kirgisistan, Laos, Lettland, Libanon, Lesotho, Liberia, Libyen, Liechtenstein, L\u00fcttich, Litauen, Livland, Luxemburg, Lydien, Macau, Madagaskar, Madeira-Inseln, Malawi, Malaya und Britisch-Borneo, Malaya, Malaysia, Malediven, Mali, Malta, Malta, Souver\u00e4ner Milit\u00e4rorden von, Marshallinseln, Martinique, Mauretanien, Mauritius, Mayotte, Mexiko, Mexiko, Provinzen, Mikronesien, F\u00f6derierte Staaten von, Moldawien und Walachei, Moldauisches F\u00fcrstentum, Moldawien, Mombasa, Monaco, Mongolei, Montenegro, Montserrat, Marokko, Mosambik, Maskat und Oman, Myanmar, Namibia, Nauru, Nepal, Niederl\u00e4ndische Antillen, Niederl\u00e4ndisch-Ostindien, Niederlande, Niederlande, Niederl\u00e4ndische Staaten, Nevis, New Brunswick, Neukaledonien, Neuguinea, Neue Hebriden, Neuseeland, Neufundland, Nicaragua, Niger, Nigeria, Niue, Nordmazedonien, N\u00f6rdliche Marianen, Norwegen, Nova Scotia, Oman, Pakistan, Palau, Pal\u00e4stina \u2013 Britisches Mandat, Panama, Papua-Neuguinea, Paraguay, Peru, Philippinen, Ph\u00f6nizien, Pitcairninseln, Polen, Polen, Danzig, Polnisch-Litauisches Commonwealth, Portugal, Portugiesisch-Guinea, Prinz-Edward-Insel, Puerto Rico, Katar und Dubai, Katar, Ragusa, Republik, Ra\u2019s al-Chaima, R\u00e9union, Rhodesien und Njassaland, Rhodesien, R\u00f6misches Reich, Rum\u00e4nien, Russland, Russland, Kaukasus, Russland, Kaiserreich, Ruanda und Burundi, Ruanda, Saarland, Demokratische Arabische Republik Sahara, St. Barth\u00e9lemy, St. Eustatius, St. Helena und Ascension, St. Helena, St. Kitts und Nevis, St. Lucia, St. Pierre und Miquelon, St. Vincent und die Grenadinen, Samoa, San Marino, S\u00e3o Tom\u00e9 und Pr\u00edncipe, Sarawak, Sasanidenreich, Saudi-Arabien, Schottland, Seleukidenreich, Seldschukenreich, Senegal, Serbien, Seychellen, Schardscha, Sierra Leone, Singapur, Slowakei, Slowenien, Salomonen, Somalia, Somaliland, S\u00fcdafrika, S\u00fcdgeorgien und die S\u00fcdlichen Sandwichinseln, S\u00fcdsudan, S\u00fcdrhodesien, Sowjetunion, UdSSR, Spanien, Spanien, B\u00fcrgerkrieg, Spanien, Staaten, Spanische Niederlande, Sri Lanka, Straits Settlements, Sudan, Suriname, Spitzbergen, Swasiland, Schweden, Schweizer Kantone, Schweiz, Syrien, Taiwan, Tadschikistan, Tannu Tuva, Tansania, Thailand, Tibet, Timor, Tobago, Togo, Tokelau, Tonga, Transnistrien, Siebenb\u00fcrgen, Trinidad und Tobago, Trinidad, Tristan da Cunha, Tunesien, T\u00fcrkei, Turkmenistan, Turks- und Caicosinseln, Tuvalu, Uganda, Ukraine, Umm al-Qaiwain, Vereinigte Arabische Emirate, Vereinigtes K\u00f6nigreich von Gro\u00dfbritannien und Nordirland, Vereinigte Staaten des Vereinigten K\u00f6nigreichs, Vereinigte Staaten von Amerika, Uruguay, Usbekistan, Vanuatu, Vatikanstadt, Vatikanischer Kirchenstaat, Venezuela, Vietnam, Vietnam, Dynastien, Vietnam, Nord, Vietnam, S\u00fcd, westafrikanische Staaten, Inseln \u00fcber dem Winde, weltweit, Jemen, Jemen, Protektoratsstaaten Aden, Jemen, Arabische Republik, Jemen, Demokratische Republik, Jemen, Republik, Jemen, S\u00fcdarabien, Jugoslawien, Zaire, Sambia, Sansibar, Simbabwe.<\/h5>\n<p>&nbsp;<\/p>\n<p><strong>Dieser M\u00fcnzkatalog ist vollst\u00e4ndig in Farbe mit hochwertigen Bildern illustriert.<\/strong><\/p>\n<p>Diese Kataloge werden im PDF-Format geliefert und k\u00f6nnen auf jedem Computer angezeigt werden.<\/p>\n<p><strong>Lieferung:\u00a0<\/strong>Dies ist ein eBook im PDF-Format, das Sie per E-Mail erhalten (sofortige Lieferung). Sie haben auch die M\u00f6glichkeit, das Produkt per DVD zu erhalten.<\/p>\n<p>F\u00fcr weitere Informationen k\u00f6nnen Sie einen M\u00fcnzkatalog herunterladen. (siehe die\u00a0<a href=\"https:\/\/coinscatalogs.com\/de\/demoseite\/\">Demo<\/a>\u00a0Seite f\u00fcr einen Demo-Katalog).<\/p>","protected":false},"excerpt":{"rendered":"<p><em>Kostenloser Weltm\u00fcnzenkatalog<\/em>, druckbarer, vollfarbiger, illustrierter Weltm\u00fcnzenkatalog <em>2023<\/em> ( <strong><em><span style=\"color: #003300;\">172,739 <\/span>Aufgelistete M\u00fcnzen<\/em><\/strong> )<\/p>","protected":false},"featured_media":389618,"template":"","meta":[],"product_brand":[],"product_cat":[17],"product_tag":[],"class_list":{"0":"post-389617","1":"product","2":"type-product","3":"status-publish","4":"has-post-thumbnail","6":"product_cat-coins-catalog","7":"sales-flash-overlay","8":"woocommerce-text-align-center","9":"woocommerce-image-align-center","10":"do-quantity-buttons","12":"first","13":"instock","14":"sale","15":"featured","16":"downloadable","17":"virtual","18":"purchasable","19":"product-type-simple"},"_links":{"self":[{"href":"https:\/\/coinscatalogs.com\/de\/wp-json\/wp\/v2\/product\/389617","targetHints":{"allow":["GET"]}}],"collection":[{"href":"https:\/\/coinscatalogs.com\/de\/wp-json\/wp\/v2\/product"}],"about":[{"href":"https:\/\/coinscatalogs.com\/de\/wp-json\/wp\/v2\/types\/product"}],"wp:featuredmedia":[{"embeddable":true,"href":"https:\/\/coinscatalogs.com\/de\/wp-json\/wp\/v2\/media\/389618"}],"wp:attachment":[{"href":"https:\/\/coinscatalogs.com\/de\/wp-json\/wp\/v2\/media?parent=389617"}],"wp:term":[{"taxonomy":"product_brand","embeddable":true,"href":"https:\/\/coinscatalogs.com\/de\/wp-json\/wp\/v2\/product_brand?post=389617"},{"taxonomy":"product_cat","embeddable":true,"href":"https:\/\/coinscatalogs.com\/de\/wp-json\/wp\/v2\/product_cat?post=389617"},{"taxonomy":"product_tag","embeddable":true,"href":"https:\/\/coinscatalogs.com\/de\/wp-json\/wp\/v2\/product_tag?post=389617"}],"curies":[{"name":"wp","href":"https:\/\/api.w.org\/{rel}","templated":true}]}}