{"id":71,"date":"2021-01-22T06:30:31","date_gmt":"2021-01-22T06:30:31","guid":{"rendered":"https:\/\/coinscatalogs.com\/?page_id=71"},"modified":"2022-05-23T07:29:33","modified_gmt":"2022-05-23T11:29:33","slug":"demo","status":"publish","type":"page","link":"https:\/\/coinscatalogs.com\/de\/demoseite\/","title":{"rendered":"Demo"},"content":{"rendered":"<p><strong>M\u00fcnzkatalog<\/strong><\/p>\n\n\n\n<p>Wie sieht der M\u00fcnzkatalog aus? F\u00fcr weitere Informationen k\u00f6nnen Sie \u00fcber den unten stehenden Link einen Beispielkatalog herunterladen. *<\/p>\n\n\n\n<p><a href=\"https:\/\/coinscatalogs.com\/demo\/coinscatalogs-Demo.zip\">https:\/\/coinscatalogs.com\/demo\/coinscatalogs-Demo.zip<\/a><\/p>\n\n\n\n<p>Bitte verwenden Sie die neueste Version von Acrobat Reader, um PDF-Dateien zu \u00f6ffnen. Sie k\u00f6nnen die Adobe-Website unter&nbsp;<a href=\"https:\/\/get.adobe.com\/reader\/\" target=\"_blank\" rel=\"noopener\">https:\/\/get.adobe.com\/reader\/<\/a>&nbsp;und laden Sie eines kostenlos herunter.<\/p>","protected":false},"excerpt":{"rendered":"<p>M\u00fcnzkatalog Wie sieht der M\u00fcnzkatalog aus? Weitere Informationen \u2026 <a title=\"Demo\" class=\"read-more\" href=\"https:\/\/coinscatalogs.com\/de\/demoseite\/\" aria-label=\"Lesen Sie mehr \u00fcber Demo\">Weiterlesen \u2026<\/a><\/p>","protected":false},"author":1,"featured_media":0,"parent":0,"menu_order":0,"comment_status":"closed","ping_status":"closed","template":"","meta":{"footnotes":""},"class_list":["post-71","page","type-page","status-publish"],"_links":{"self":[{"href":"https:\/\/coinscatalogs.com\/de\/wp-json\/wp\/v2\/pages\/71","targetHints":{"allow":["GET"]}}],"collection":[{"href":"https:\/\/coinscatalogs.com\/de\/wp-json\/wp\/v2\/pages"}],"about":[{"href":"https:\/\/coinscatalogs.com\/de\/wp-json\/wp\/v2\/types\/page"}],"author":[{"embeddable":true,"href":"https:\/\/coinscatalogs.com\/de\/wp-json\/wp\/v2\/users\/1"}],"replies":[{"embeddable":true,"href":"https:\/\/coinscatalogs.com\/de\/wp-json\/wp\/v2\/comments?post=71"}],"version-history":[{"count":0,"href":"https:\/\/coinscatalogs.com\/de\/wp-json\/wp\/v2\/pages\/71\/revisions"}],"wp:attachment":[{"href":"https:\/\/coinscatalogs.com\/de\/wp-json\/wp\/v2\/media?parent=71"}],"curies":[{"name":"wp","href":"https:\/\/api.w.org\/{rel}","templated":true}]}}